{"id":7130,"date":"2020-11-11T17:21:41","date_gmt":"2020-11-11T16:21:41","guid":{"rendered":"http:\/\/teneriffaaktuell.com\/?page_id=7130"},"modified":"2020-11-26T16:42:43","modified_gmt":"2020-11-26T15:42:43","slug":"venta-mayor","status":"publish","type":"page","link":"https:\/\/canary-cactus.com\/es\/venta-mayor\/","title":{"rendered":"Venta al por mayor"},"content":{"rendered":"<div class=\"wpb-content-wrapper\"><p>[vc_row][vc_column]\n\t\t\t<!-- START Gro\u00dfhandel REVOLUTION SLIDER 6.7.35 --><p class=\"rs-p-wp-fix\"><\/p>\n\t\t\t<rs-module-wrap id=\"rev_slider_8_1_wrapper\" data-source=\"gallery\" style=\"visibility:hidden;background:transparent;padding:0;margin:0px auto;margin-top:0;margin-bottom:0;\">\n\t\t\t\t<rs-module id=\"rev_slider_8_1\" style=\"\" data-version=\"6.7.35\">\n\t\t\t\t\t<rs-slides style=\"overflow: hidden; position: absolute;\">\n\t\t\t\t\t\t<rs-slide style=\"position: absolute;\" data-key=\"rs-22\" data-title=\"Slide\" data-thumb=\"\/\/canary-cactus.com\/es\/wp-content\/uploads\/2019\/09\/Sukkulenten-mix-.jpg\" data-duration=\"5000\" data-anim=\"r:0;f:nodelay;\" data-in=\"o:0;sx:0;sy:0;row:5;col:5;\" data-out=\"a:false;\">\n\t\t\t\t\t\t\t<img src=\"\/\/canary-cactus.com\/es\/wp-content\/plugins\/revslider\/sr6\/assets\/assets\/dummy.png\" alt=\"\" title=\"Sukkulenten mix-\" width=\"800\" height=\"532\" class=\"rev-slidebg tp-rs-img rs-lazyload\" data-lazyload=\"\/\/canary-cactus.com\/es\/wp-content\/uploads\/2019\/09\/Sukkulenten-mix-.jpg\" data-no-retina>\n<!--\n\t\t\t\t\t\t\t--><rs-layer\n\t\t\t\t\t\t\t\tid=\"slider-8-slide-22-layer-7\" \n\t\t\t\t\t\t\t\tdata-type=\"text\"\n\t\t\t\t\t\t\t\tdata-color=\"#79945b\"\n\t\t\t\t\t\t\t\tdata-xy=\"x:c;xo:5px,4px,3px,1px;y:m;yo:175px,157px,119px,73px;\"\n\t\t\t\t\t\t\t\tdata-text=\"s:23,20,15,9;l:17,15,11,6;fw:700;a:center;\"\n\t\t\t\t\t\t\t\tdata-dim=\"w:1080,970,736,454;h:51,45,34,20;\"\n\t\t\t\t\t\t\t\tdata-frame_1=\"st:630;sR:630;\"\n\t\t\t\t\t\t\t\tdata-frame_999=\"o:0;st:w;sR:4070;\"\n\t\t\t\t\t\t\t\tstyle=\"z-index:10;background-color:#ffffff;font-family:'Montserrat';text-transform:uppercase;\"\n\t\t\t\t\t\t\t><\/br>La gama l\u00edder en el mundo - para coleccionistas a clientes importantes\n \n\t\t\t\t\t\t\t<\/rs-layer><!--\n-->\t\t\t\t\t<\/rs-slide>\n\t\t\t\t\t\t<rs-slide style=\"position: absolute;\" data-key=\"rs-26\" data-title=\"Slide\" data-thumb=\"\/\/canary-cactus.com\/es\/wp-content\/uploads\/2019\/09\/2010_0203kakteen120055-scaled.jpg\" data-duration=\"5000\" data-anim=\"r:0;f:nodelay;\" data-in=\"o:0;sx:0;sy:0;row:5;col:5;\" data-out=\"a:false;\">\n\t\t\t\t\t\t\t<img src=\"\/\/canary-cactus.com\/es\/wp-content\/plugins\/revslider\/sr6\/assets\/assets\/dummy.png\" alt=\"\" title=\"2010_0203kakteen120055\" width=\"2560\" height=\"1714\" class=\"rev-slidebg tp-rs-img rs-lazyload\" data-lazyload=\"\/\/canary-cactus.com\/es\/wp-content\/uploads\/2019\/09\/2010_0203kakteen120055-scaled.jpg\" data-no-retina>\n<!--\n\t\t\t\t\t\t\t--><rs-layer\n\t\t\t\t\t\t\t\tid=\"slider-8-slide-26-layer-7\" \n\t\t\t\t\t\t\t\tdata-type=\"text\"\n\t\t\t\t\t\t\t\tdata-color=\"#79945b\"\n\t\t\t\t\t\t\t\tdata-xy=\"x:c;xo:5px,4px,3px,1px;y:m;yo:175px,157px,119px,73px;\"\n\t\t\t\t\t\t\t\tdata-text=\"s:23,20,15,9;l:17,15,11,6;fw:700;a:center;\"\n\t\t\t\t\t\t\t\tdata-dim=\"w:1080,970,736,454;h:51,45,34,20;\"\n\t\t\t\t\t\t\t\tdata-frame_1=\"st:630;sR:630;\"\n\t\t\t\t\t\t\t\tdata-frame_999=\"o:0;st:w;sR:4070;\"\n\t\t\t\t\t\t\t\tstyle=\"z-index:10;background-color:#ffffff;font-family:'Montserrat';text-transform:uppercase;\"\n\t\t\t\t\t\t\t><\/br>La gama l\u00edder en el mundo - para coleccionistas a clientes importantes \n\t\t\t\t\t\t\t<\/rs-layer><!--\n-->\t\t\t\t\t<\/rs-slide>\n\t\t\t\t\t\t<rs-slide style=\"position: absolute;\" data-key=\"rs-27\" data-title=\"Slide\" data-thumb=\"\/\/canary-cactus.com\/es\/wp-content\/uploads\/2019\/09\/Mix-13-cm.jpg\" data-duration=\"5000\" data-anim=\"r:0;f:nodelay;\" data-in=\"o:0;sx:0;sy:0;row:5;col:5;\" data-out=\"a:false;\">\n\t\t\t\t\t\t\t<img src=\"\/\/canary-cactus.com\/es\/wp-content\/plugins\/revslider\/sr6\/assets\/assets\/dummy.png\" alt=\"\" title=\"Mix 13 cm\" width=\"800\" height=\"534\" class=\"rev-slidebg tp-rs-img rs-lazyload\" data-lazyload=\"\/\/canary-cactus.com\/es\/wp-content\/uploads\/2019\/09\/Mix-13-cm.jpg\" data-no-retina>\n<!--\n\t\t\t\t\t\t\t--><rs-layer\n\t\t\t\t\t\t\t\tid=\"slider-8-slide-27-layer-7\" \n\t\t\t\t\t\t\t\tdata-type=\"text\"\n\t\t\t\t\t\t\t\tdata-color=\"#79945b\"\n\t\t\t\t\t\t\t\tdata-xy=\"x:c;xo:5px,4px,3px,1px;y:m;yo:175px,157px,119px,73px;\"\n\t\t\t\t\t\t\t\tdata-text=\"s:23,20,15,9;l:17,15,11,6;fw:700;a:center;\"\n\t\t\t\t\t\t\t\tdata-dim=\"w:1080,970,736,454;h:51,45,34,20;\"\n\t\t\t\t\t\t\t\tdata-frame_1=\"st:630;sR:630;\"\n\t\t\t\t\t\t\t\tdata-frame_999=\"o:0;st:w;sR:4070;\"\n\t\t\t\t\t\t\t\tstyle=\"z-index:10;background-color:#ffffff;font-family:'Montserrat';text-transform:uppercase;\"\n\t\t\t\t\t\t\t><\/br>La gama l\u00edder en el mundo - para coleccionistas a clientes importantes\n \n\t\t\t\t\t\t\t<\/rs-layer><!--\n-->\t\t\t\t\t<\/rs-slide>\n\t\t\t\t\t<\/rs-slides>\n\t\t\t\t\t<rs-static-layers><!--\n\t\t\t\t\t--><\/rs-static-layers>\n\t\t\t\t<\/rs-module>\n\t\t\t\t<script>\n\t\t\t\t\tsetREVStartSize({c: 'rev_slider_8_1',rl:[1240,1024,778,480],el:[500,500,400,300],gw:[1140,1024,778,480],gh:[500,500,400,300],type:'standard',justify:'',layout:'fullwidth',mh:\"0\"});if (window.RS_MODULES!==undefined && window.RS_MODULES.modules!==undefined && window.RS_MODULES.modules[\"revslider81\"]!==undefined) {window.RS_MODULES.modules[\"revslider81\"].once = false;window.revapi8 = undefined;if (window.RS_MODULES.checkMinimal!==undefined) window.RS_MODULES.checkMinimal()}\n\t\t\t\t<\/script>\n\t\t\t<\/rs-module-wrap>\n\t\t\t<!-- END REVOLUTION SLIDER -->\n[vc_empty_space height=&#8221;100&#8243;][\/vc_column][\/vc_row][vc_row][vc_column width=&#8221;1\/4&#8243;][vc_single_image image=&#8221;7222&#8243; img_size=&#8221;300&#215;300&#8243;][\/vc_column][vc_column width=&#8221;3\/4&#8243;][vc_column_text]<\/p>\n<ul>\n<li><span style=\"font-size: 14pt;\">Plantas en macetas<\/span><\/li>\n<li><span style=\"font-size: 14pt;\">Plantas peque\u00f1as en bandejas<\/span><\/li>\n<li><span style=\"font-size: 14pt;\">Plantas a ra\u00edz desnuda<\/span><\/li>\n<li><span style=\"font-size: 14pt;\">Plantas de coleccionistas<\/span><\/li>\n<li><span style=\"font-size: 14pt;\">Producci\u00f3n de semillas<\/span><\/li>\n<\/ul>\n<p>[\/vc_column_text][\/vc_column][\/vc_row][vc_row][vc_column][vc_empty_space height=&#8221;50&#8243;][vc_column_text]<\/p>\n<h2><span style=\"color: #3c6b06;\">Plantas jovenes \/ Esquejes.<\/span><\/h2>\n<p>[\/vc_column_text][\/vc_column][\/vc_row][vc_row][vc_column width=&#8221;1\/4&#8243;][vc_single_image image=&#8221;7221&#8243; img_size=&#8221;300&#215;300&#8243;][\/vc_column][vc_column width=&#8221;3\/4&#8243;][vc_column_text]<span style=\"font-size: 14pt;\">Disponible:<\/span><\/p>\n<ul>\n<li><span style=\"font-size: 14pt;\">En bandeja<\/span><\/li>\n<li><span style=\"font-size: 14pt;\">En maceta<\/span><\/li>\n<li><span style=\"font-size: 14pt;\">Esquejes<\/span><\/li>\n<\/ul>\n<p>[\/vc_column_text][\/vc_column][\/vc_row][vc_row][vc_column][vc_empty_space height=&#8221;50&#8243;][vc_column_text]<\/p>\n<h2><span style=\"color: #3c6b06;\">Plantas en macetas<\/span><\/h2>\n<p>[\/vc_column_text][vc_column_text]<span style=\"font-size: 14pt;\">LOGISTICA:<\/span><\/p>\n<p><span style=\"font-size: 14pt;\">Vendemos en diferentes tama\u00f1os.<\/span><\/p>\n<ul>\n<li><span style=\"font-size: 14pt;\">5,5 cm<\/span><\/li>\n<li><span style=\"font-size: 14pt;\">8,5 cm<\/span><\/li>\n<li><span style=\"font-size: 14pt;\">10,5 cm<\/span><\/li>\n<li><span style=\"font-size: 14pt;\">12 cm<\/span><\/li>\n<li><span style=\"font-size: 14pt;\">17 cm<\/span><\/li>\n<\/ul>\n<p><span style=\"font-size: 14pt;\">Adem\u00e1s contamos con Esquejes 30-50cm<br \/>\n<\/span><span style=\"font-size: 14pt;\">Bolas 25-180cm de di\u00e1metro (tambi\u00e9n disponemos con ra\u00edces)<br \/>\n<\/span><span style=\"font-size: 14pt;\">Columnares 50-1000cm de altura (tambi\u00e9n con ra\u00edces).<\/span>[\/vc_column_text][\/vc_column][\/vc_row]<\/p>\n<\/div>","protected":false},"excerpt":{"rendered":"<p>[vc_row][vc_column][vc_empty_space height=&#8221;100&#8243;][\/vc_column][\/vc_row][vc_row][vc_column width=&#8221;1\/4&#8243;][vc_single_image image=&#8221;7222&#8243; img_size=&#8221;300&#215;300&#8243;][\/vc_column][vc_column width=&#8221;3\/4&#8243;][vc_column_text] Plantas en macetas Plantas peque\u00f1as en bandejas Plantas a ra\u00edz desnuda Plantas de coleccionistas Producci\u00f3n de semillas [\/vc_column_text][\/vc_column][\/vc_row][vc_row][vc_column][vc_empty_space height=&#8221;50&#8243;][vc_column_text] Plantas jovenes \/ Esquejes. [\/vc_column_text][\/vc_column][\/vc_row][vc_row][vc_column width=&#8221;1\/4&#8243;][vc_single_image image=&#8221;7221&#8243; img_size=&#8221;300&#215;300&#8243;][\/vc_column][vc_column width=&#8221;3\/4&#8243;][vc_column_text]Disponible: En bandeja En maceta Esquejes [\/vc_column_text][\/vc_column][\/vc_row][vc_row][vc_column][vc_empty_space height=&#8221;50&#8243;][vc_column_text] Plantas en macetas [\/vc_column_text][vc_column_text]LOGISTICA: Vendemos en diferentes tama\u00f1os. 5,5 cm 8,5 cm 10,5 cm<\/p>\n","protected":false},"author":1,"featured_media":0,"parent":0,"menu_order":0,"comment_status":"closed","ping_status":"closed","template":"","meta":[],"_links":{"self":[{"href":"https:\/\/canary-cactus.com\/es\/wp-json\/wp\/v2\/pages\/7130"}],"collection":[{"href":"https:\/\/canary-cactus.com\/es\/wp-json\/wp\/v2\/pages"}],"about":[{"href":"https:\/\/canary-cactus.com\/es\/wp-json\/wp\/v2\/types\/page"}],"author":[{"embeddable":true,"href":"https:\/\/canary-cactus.com\/es\/wp-json\/wp\/v2\/users\/1"}],"replies":[{"embeddable":true,"href":"https:\/\/canary-cactus.com\/es\/wp-json\/wp\/v2\/comments?post=7130"}],"version-history":[{"count":17,"href":"https:\/\/canary-cactus.com\/es\/wp-json\/wp\/v2\/pages\/7130\/revisions"}],"predecessor-version":[{"id":7334,"href":"https:\/\/canary-cactus.com\/es\/wp-json\/wp\/v2\/pages\/7130\/revisions\/7334"}],"wp:attachment":[{"href":"https:\/\/canary-cactus.com\/es\/wp-json\/wp\/v2\/media?parent=7130"}],"curies":[{"name":"wp","href":"https:\/\/api.w.org\/{rel}","templated":true}]}}