{"id":7128,"date":"2020-11-11T17:21:30","date_gmt":"2020-11-11T16:21:30","guid":{"rendered":"http:\/\/teneriffaaktuell.com\/?page_id=7128"},"modified":"2020-11-24T18:04:04","modified_gmt":"2020-11-24T17:04:04","slug":"paisajismo","status":"publish","type":"page","link":"https:\/\/canary-cactus.com\/es\/paisajismo\/","title":{"rendered":"Paisajismo"},"content":{"rendered":"<div class=\"wpb-content-wrapper\"><p>[vc_row][vc_column]\n\t\t\t<!-- START Gestaltung REVOLUTION SLIDER 6.7.35 --><p class=\"rs-p-wp-fix\"><\/p>\n\t\t\t<rs-module-wrap id=\"rev_slider_7_1_wrapper\" data-source=\"gallery\" style=\"visibility:hidden;background:transparent;padding:0;margin:0px auto;margin-top:0;margin-bottom:0;\">\n\t\t\t\t<rs-module id=\"rev_slider_7_1\" style=\"\" data-version=\"6.7.35\">\n\t\t\t\t\t<rs-slides style=\"overflow: hidden; position: absolute;\">\n\t\t\t\t\t\t<rs-slide style=\"position: absolute;\" data-key=\"rs-17\" data-title=\"Slide\" data-duration=\"5000\" data-anim=\"r:0;f:nodelay;\" data-in=\"o:0;sx:0;sy:0;row:5;col:5;\" data-out=\"a:false;\">\n\t\t\t\t\t\t\t<img src=\"\/\/canary-cactus.com\/es\/wp-content\/plugins\/revslider\/sr6\/assets\/assets\/dummy.png\" alt=\"\" title=\"Trichocereus terscheckii 80-150 cm\" width=\"2560\" height=\"1707\" class=\"rev-slidebg tp-rs-img rs-lazyload\" data-lazyload=\"\/\/canary-cactus.com\/es\/wp-content\/uploads\/2019\/09\/Trichocereus-terscheckii-80-150-cm--scaled.jpg\" data-no-retina>\n<!--\n\t\t\t\t\t\t\t--><rs-layer\n\t\t\t\t\t\t\t\tid=\"slider-7-slide-17-layer-7\" \n\t\t\t\t\t\t\t\tdata-type=\"text\"\n\t\t\t\t\t\t\t\tdata-color=\"#79945b\"\n\t\t\t\t\t\t\t\tdata-xy=\"x:c;xo:16px,14px,10px,6px;y:m;yo:192px,172px,130px,80px;\"\n\t\t\t\t\t\t\t\tdata-text=\"s:27,24,18,11;l:19,17,12,7;fw:700;a:center;\"\n\t\t\t\t\t\t\t\tdata-dim=\"w:1053px,945px,717px,442px;h:56,50,37,22;\"\n\t\t\t\t\t\t\t\tdata-frame_1=\"st:630;sR:630;\"\n\t\t\t\t\t\t\t\tdata-frame_999=\"o:0;st:w;sR:4070;\"\n\t\t\t\t\t\t\t\tstyle=\"z-index:10;background-color:#ffffff;font-family:'Montserrat';text-transform:uppercase;\"\n\t\t\t\t\t\t\t><\/br>Dise\u00f1amos sus instalaciones a un objeto sobresaliente \n\t\t\t\t\t\t\t<\/rs-layer><!--\n-->\t\t\t\t\t<\/rs-slide>\n\t\t\t\t\t<\/rs-slides>\n\t\t\t\t\t<rs-static-layers><!--\n\t\t\t\t\t--><\/rs-static-layers>\n\t\t\t\t<\/rs-module>\n\t\t\t\t<script>\n\t\t\t\t\tsetREVStartSize({c: 'rev_slider_7_1',rl:[1240,1024,778,480],el:[500,500,400,300],gw:[1140,1024,778,480],gh:[500,500,400,300],type:'standard',justify:'',layout:'fullwidth',mh:\"0\"});if (window.RS_MODULES!==undefined && window.RS_MODULES.modules!==undefined && window.RS_MODULES.modules[\"revslider71\"]!==undefined) {window.RS_MODULES.modules[\"revslider71\"].once = false;window.revapi7 = undefined;if (window.RS_MODULES.checkMinimal!==undefined) window.RS_MODULES.checkMinimal()}\n\t\t\t\t<\/script>\n\t\t\t<\/rs-module-wrap>\n\t\t\t<!-- END REVOLUTION SLIDER -->\n[vc_empty_space height=&#8221;100&#8243;][\/vc_column][\/vc_row][vc_row][vc_column][vc_column_text]<\/p>\n<h2><span style=\"font-size: 18pt; color: #3c6b06;\">Dise\u00f1o de \u00e1reas representativas<\/span><\/h2>\n<p><span style=\"font-size: 14pt;\">Para proyectos grandes de todo tipo \u2013 carreteras, parques p\u00fablicos y privados, jardines bot\u00e1nicos, zool\u00f3gicos, Campos de Golf, jardines privados, complejos hoteleros y centros de congresos \u2013 Canary Cactus proporciona el toda la gama de grandes plantas para la suplantaci\u00f3n, incluso en grandes cantidades.<\/span><\/p>\n<p><span style=\"font-size: 14pt;\">Hay disponibles m\u00e1s de 200 variedades distintas en todos los tama\u00f1os, desde plantas en maceta de 10,5 cm hasta plantas \u00fanicas de m\u00e1s de 10 metros de altura.<\/span><br \/>\n<span style=\"font-size: 14pt;\">Si lo desea le proporcionamos instrucciones para la descarga de los contenedores y el conocimiento t\u00e9cnico para la plantaci\u00f3n, igual que las indicaciones espec\u00edficas para el mantenimiento. En el caso de que el cliente lo desee, los especialistas de Canary Cactus se desplazan al lugar de la plantaci\u00f3n. El servicio de asistencia en el lugar de la plantaci\u00f3n puede ser completado de forma opcional con una garant\u00eda.<\/span><\/p>\n<p><span style=\"font-size: 14pt;\">Otros servicios opcionales: Selecci\u00f3n-asesoramiento para su regi\u00f3n y un seguimiento a largo plazo junto con la supervisi\u00f3n de la plantaci\u00f3n. Sus necesidades individuales son nuestra especialidad.<\/span>[\/vc_column_text][\/vc_column][\/vc_row]<\/p>\n<\/div>","protected":false},"excerpt":{"rendered":"<p>[vc_row][vc_column][vc_empty_space height=&#8221;100&#8243;][\/vc_column][\/vc_row][vc_row][vc_column][vc_column_text] Dise\u00f1o de \u00e1reas representativas Para proyectos grandes de todo tipo \u2013 carreteras, parques p\u00fablicos y privados, jardines bot\u00e1nicos, zool\u00f3gicos, Campos de Golf, jardines privados, complejos hoteleros y centros de congresos \u2013 Canary Cactus proporciona el toda la gama de grandes plantas para la suplantaci\u00f3n, incluso en grandes cantidades. Hay disponibles m\u00e1s de 200<\/p>\n","protected":false},"author":1,"featured_media":0,"parent":0,"menu_order":0,"comment_status":"closed","ping_status":"closed","template":"","meta":[],"_links":{"self":[{"href":"https:\/\/canary-cactus.com\/es\/wp-json\/wp\/v2\/pages\/7128"}],"collection":[{"href":"https:\/\/canary-cactus.com\/es\/wp-json\/wp\/v2\/pages"}],"about":[{"href":"https:\/\/canary-cactus.com\/es\/wp-json\/wp\/v2\/types\/page"}],"author":[{"embeddable":true,"href":"https:\/\/canary-cactus.com\/es\/wp-json\/wp\/v2\/users\/1"}],"replies":[{"embeddable":true,"href":"https:\/\/canary-cactus.com\/es\/wp-json\/wp\/v2\/comments?post=7128"}],"version-history":[{"count":6,"href":"https:\/\/canary-cactus.com\/es\/wp-json\/wp\/v2\/pages\/7128\/revisions"}],"predecessor-version":[{"id":7329,"href":"https:\/\/canary-cactus.com\/es\/wp-json\/wp\/v2\/pages\/7128\/revisions\/7329"}],"wp:attachment":[{"href":"https:\/\/canary-cactus.com\/es\/wp-json\/wp\/v2\/media?parent=7128"}],"curies":[{"name":"wp","href":"https:\/\/api.w.org\/{rel}","templated":true}]}}