{"id":7122,"date":"2020-11-11T17:21:01","date_gmt":"2020-11-11T16:21:01","guid":{"rendered":"http:\/\/teneriffaaktuell.com\/?page_id=7122"},"modified":"2020-11-24T17:59:11","modified_gmt":"2020-11-24T16:59:11","slug":"sobre-nosotros","status":"publish","type":"page","link":"https:\/\/canary-cactus.com\/es\/sobre-nosotros\/","title":{"rendered":"Sobre Nosotros"},"content":{"rendered":"<div class=\"wpb-content-wrapper\"><p>[vc_row][vc_column]\n\t\t\t<!-- START \u00dcber uns REVOLUTION SLIDER 6.7.35 --><p class=\"rs-p-wp-fix\"><\/p>\n\t\t\t<rs-module-wrap id=\"rev_slider_4_1_wrapper\" data-source=\"gallery\" style=\"visibility:hidden;background:transparent;padding:0;margin:0px auto;margin-top:0;margin-bottom:0;\">\n\t\t\t\t<rs-module id=\"rev_slider_4_1\" style=\"\" data-version=\"6.7.35\">\n\t\t\t\t\t<rs-slides style=\"overflow: hidden; position: absolute;\">\n\t\t\t\t\t\t<rs-slide style=\"position: absolute;\" data-key=\"rs-8\" data-title=\"Slide\" data-thumb=\"\/\/canary-cactus.com\/es\/wp-content\/uploads\/2019\/09\/Agave-angustifolia-1.20m-scaled.jpg\" data-duration=\"5000\" data-anim=\"r:0;f:nodelay;\" data-in=\"o:0;sx:0;sy:0;row:5;col:5;\" data-out=\"a:false;\">\n\t\t\t\t\t\t\t<img src=\"\/\/canary-cactus.com\/es\/wp-content\/plugins\/revslider\/sr6\/assets\/assets\/dummy.png\" alt=\"\" title=\"Agave angustifolia 1.20m\" width=\"2560\" height=\"1702\" class=\"rev-slidebg tp-rs-img rs-lazyload\" data-lazyload=\"\/\/canary-cactus.com\/es\/wp-content\/uploads\/2019\/09\/Agave-angustifolia-1.20m-scaled.jpg\" data-no-retina>\n<!--\n\t\t\t\t\t\t\t--><rs-layer\n\t\t\t\t\t\t\t\tid=\"slider-4-slide-8-layer-7\" \n\t\t\t\t\t\t\t\tdata-type=\"text\"\n\t\t\t\t\t\t\t\tdata-color=\"#79945b\"\n\t\t\t\t\t\t\t\tdata-xy=\"x:c;xo:19px,17px,12px,7px;y:m;yo:162px,145px,110px,67px;\"\n\t\t\t\t\t\t\t\tdata-text=\"s:42,37,28,17;l:34,30,22,13;fw:700;a:center;\"\n\t\t\t\t\t\t\t\tdata-dim=\"w:946px,849px,645px,397px;h:100px,89px,67px,41px;\"\n\t\t\t\t\t\t\t\tdata-frame_1=\"st:630;sR:630;\"\n\t\t\t\t\t\t\t\tdata-frame_999=\"o:0;st:w;sR:4070;\"\n\t\t\t\t\t\t\t\tstyle=\"z-index:10;background-color:#ffffff;font-family:'Montserrat';text-transform:uppercase;\"\n\t\t\t\t\t\t\t><\/br>hacemos la diferencia \n\t\t\t\t\t\t\t<\/rs-layer><!--\n-->\t\t\t\t\t<\/rs-slide>\n\t\t\t\t\t\t<rs-slide style=\"position: absolute;\" data-key=\"rs-9\" data-title=\"Slide\" data-thumb=\"\/\/canary-cactus.com\/es\/wp-content\/uploads\/2019\/09\/DSCN0247-scaled.jpg\" data-duration=\"5000\" data-anim=\"r:0;f:nodelay;\" data-in=\"o:0;sx:0;sy:0;row:5;col:5;\" data-out=\"a:false;\">\n\t\t\t\t\t\t\t<img src=\"\/\/canary-cactus.com\/es\/wp-content\/plugins\/revslider\/sr6\/assets\/assets\/dummy.png\" alt=\"\" title=\"DSCN0247\" width=\"2560\" height=\"1920\" class=\"rev-slidebg tp-rs-img rs-lazyload\" data-lazyload=\"\/\/canary-cactus.com\/es\/wp-content\/uploads\/2019\/09\/DSCN0247-scaled.jpg\" data-no-retina>\n<!--\n\t\t\t\t\t\t\t--><rs-layer\n\t\t\t\t\t\t\t\tid=\"slider-4-slide-9-layer-13\" \n\t\t\t\t\t\t\t\tdata-type=\"text\"\n\t\t\t\t\t\t\t\tdata-color=\"#79945b\"\n\t\t\t\t\t\t\t\tdata-xy=\"x:c;xo:24px,21px,15px,9px;y:m;yo:99px,88px,66px,40px;\"\n\t\t\t\t\t\t\t\tdata-text=\"s:42,37,28,17;l:34,30,22,13;fw:700;a:center;\"\n\t\t\t\t\t\t\t\tdata-dim=\"w:946px,849px,645px,397px;h:100px,89px,67px,41px;\"\n\t\t\t\t\t\t\t\tdata-frame_1=\"st:630;sR:630;\"\n\t\t\t\t\t\t\t\tdata-frame_999=\"o:0;st:w;sR:4070;\"\n\t\t\t\t\t\t\t\tstyle=\"z-index:10;background-color:#ffffff;font-family:'Montserrat';text-transform:uppercase;\"\n\t\t\t\t\t\t\t><\/br>hacemos la diferencia \n\t\t\t\t\t\t\t<\/rs-layer><!--\n-->\t\t\t\t\t<\/rs-slide>\n\t\t\t\t\t<\/rs-slides>\n\t\t\t\t\t<rs-static-layers><!--\n\t\t\t\t\t--><\/rs-static-layers>\n\t\t\t\t<\/rs-module>\n\t\t\t\t<script>\n\t\t\t\t\tsetREVStartSize({c: 'rev_slider_4_1',rl:[1240,1024,778,480],el:[500,500,400,300],gw:[1140,1024,778,480],gh:[500,500,400,300],type:'standard',justify:'',layout:'fullwidth',mh:\"0\"});if (window.RS_MODULES!==undefined && window.RS_MODULES.modules!==undefined && window.RS_MODULES.modules[\"revslider41\"]!==undefined) {window.RS_MODULES.modules[\"revslider41\"].once = false;window.revapi4 = undefined;if (window.RS_MODULES.checkMinimal!==undefined) window.RS_MODULES.checkMinimal()}\n\t\t\t\t<\/script>\n\t\t\t<\/rs-module-wrap>\n\t\t\t<!-- END REVOLUTION SLIDER -->\n[vc_empty_space height=&#8221;100px&#8221;][\/vc_column][\/vc_row][vc_row][vc_column][vc_column_text]<span style=\"font-size: 14pt;\">En m\u00e1s de 40 ha de producci\u00f3n: semillas de la m\u00e1s alta calidad, plantas en macetas y plantas grandes y \u00fanicas de hasta 8 metros de altura para el dise\u00f1o de jardines y paisajes representativos.<\/span><\/p>\n<p><span style=\"font-size: 14pt;\">El clima \u00f3ptimo de la isla llev\u00f3 a Norbert Kropf, due\u00f1o y fundador de la empresa Canary Cactus S.A., a plantar aqu\u00ed los primeros Cactus hace m\u00e1s de 25 a\u00f1os.<\/span><br \/>\n<span style=\"font-size: 14pt;\">Su experiencia de m\u00e1s de 40 a\u00f1os, un trabajo de investigaci\u00f3n continuo y su pensamiento innovador, han colocado a Canary Cactus entre los l\u00edderes del mercado en el sector en todo el mundo. El fondo gen\u00e9tico, optimizado continuamente a trav\u00e9s de la selecci\u00f3n continua, es el resultado de este trabajo desarrollado a lo largo de muchos a\u00f1os.<\/span>[\/vc_column_text][vc_single_image image=&#8221;7101&#8243; img_size=&#8221;full&#8221;][vc_empty_space height=&#8221;50px&#8221;][\/vc_column][\/vc_row][vc_row][vc_column][vc_column_text]<\/p>\n<h2><span style=\"font-size: 18pt; color: #3c6b06;\">Historia<\/span><\/h2>\n<ul>\n<li><span style=\"font-size: 14pt;\"><strong>1970<\/strong><\/span><br \/>\n<span style=\"font-size: 14pt;\">Norbert Kropf, fundador y due\u00f1o de Canary Cactus, cr\u00eda los primeros Cactus en un peque\u00f1o invernadero en Goch, Alemania<\/span><\/li>\n<li><span style=\"font-size: 14pt;\"><strong>1973<\/strong><\/span><br \/>\n<span style=\"font-size: 14pt;\">Sale of seeVenta de semillas y cactus en Alemania<\/span><\/li>\n<li><span style=\"font-size: 14pt;\"><strong>1974<\/strong><\/span><br \/>\n<span style=\"font-size: 14pt;\">Exportaci\u00f3n de semillas<\/span><\/li>\n<li><span style=\"font-size: 14pt;\"><strong>1982<\/strong><\/span><br \/>\n<span style=\"font-size: 14pt;\">Importaci\u00f3n y exportaci\u00f3n de semillas y plantas en Europa y E.E.U.U.<\/span><\/li>\n<li><span style=\"font-size: 14pt;\"><strong>1985<br \/>\n<\/strong>Establecimiento de la empresa en Tenerife y exportaci\u00f3n a Europa<\/span><\/li>\n<li><span style=\"font-size: 14pt;\"><strong>1991<\/strong><\/span><br \/>\n<span style=\"font-size: 14pt;\">Constituci\u00f3n de la empresa Canary Cactus S.A.<\/span><\/li>\n<li><span style=\"font-size: 14pt;\"><strong>1994<\/strong><\/span><br \/>\n<span style=\"font-size: 14pt;\">Producci\u00f3n de Cactus y Suculentas en m\u00e1s de 14 ha en G\u00fc\u00edmar, Tenerife<\/span><\/li>\n<li><span style=\"font-size: 14pt;\"><strong>2000<\/strong><\/span><br \/>\n<span style=\"font-size: 14pt;\">Exportaci\u00f3n a E.E.U.U. y China<\/span><\/li>\n<li><span style=\"font-size: 14pt;\"><strong>2006<\/strong><\/span><br \/>\n<span style=\"font-size: 14pt;\">Ampliaci\u00f3n de la superficie de producci\u00f3n de otros 26 ha en el sur de la isla<\/span><\/li>\n<li><span style=\"font-size: 14pt;\"><strong>2009<br \/>\n<\/strong>Ampliaci\u00f3n de la producci\u00f3n a m\u00e1s de 10 millones de plantas y esquejes al a\u00f1o.<\/span><br \/>\n<span style=\"font-size: 14pt;\">Exportaci\u00f3n a \u00c1frica y a Oriente Medio<\/span><\/li>\n<li><span style=\"font-size: 14pt;\"><strong>2011<\/strong><\/span><br \/>\n<span style=\"font-size: 14pt;\">Exportaci\u00f3n a sudeste de Asia<\/span><\/li>\n<\/ul>\n<p>[\/vc_column_text][vc_empty_space height=&#8221;50px&#8221;][\/vc_column][\/vc_row][vc_row][vc_column][vc_column_text]<iframe loading=\"lazy\" src=\"https:\/\/www.youtube.com\/embed\/Zq1dQ0Y4sEY\" width=\"560\" height=\"315\" frameborder=\"0\" allowfullscreen=\"allowfullscreen\"><\/iframe>[\/vc_column_text][\/vc_column][\/vc_row]<\/p>\n<\/div>","protected":false},"excerpt":{"rendered":"<p>[vc_row][vc_column][vc_empty_space height=&#8221;100px&#8221;][\/vc_column][\/vc_row][vc_row][vc_column][vc_column_text]En m\u00e1s de 40 ha de producci\u00f3n: semillas de la m\u00e1s alta calidad, plantas en macetas y plantas grandes y \u00fanicas de hasta 8 metros de altura para el dise\u00f1o de jardines y paisajes representativos. El clima \u00f3ptimo de la isla llev\u00f3 a Norbert Kropf, due\u00f1o y fundador de la empresa Canary Cactus S.A.,<\/p>\n","protected":false},"author":1,"featured_media":0,"parent":0,"menu_order":0,"comment_status":"closed","ping_status":"closed","template":"","meta":[],"_links":{"self":[{"href":"https:\/\/canary-cactus.com\/es\/wp-json\/wp\/v2\/pages\/7122"}],"collection":[{"href":"https:\/\/canary-cactus.com\/es\/wp-json\/wp\/v2\/pages"}],"about":[{"href":"https:\/\/canary-cactus.com\/es\/wp-json\/wp\/v2\/types\/page"}],"author":[{"embeddable":true,"href":"https:\/\/canary-cactus.com\/es\/wp-json\/wp\/v2\/users\/1"}],"replies":[{"embeddable":true,"href":"https:\/\/canary-cactus.com\/es\/wp-json\/wp\/v2\/comments?post=7122"}],"version-history":[{"count":14,"href":"https:\/\/canary-cactus.com\/es\/wp-json\/wp\/v2\/pages\/7122\/revisions"}],"predecessor-version":[{"id":7326,"href":"https:\/\/canary-cactus.com\/es\/wp-json\/wp\/v2\/pages\/7122\/revisions\/7326"}],"wp:attachment":[{"href":"https:\/\/canary-cactus.com\/es\/wp-json\/wp\/v2\/media?parent=7122"}],"curies":[{"name":"wp","href":"https:\/\/api.w.org\/{rel}","templated":true}]}}