{"id":1071,"date":"2015-12-14T07:14:55","date_gmt":"2015-12-14T06:14:55","guid":{"rendered":"http:\/\/consulting.stylemixthemes.com\/?page_id=2"},"modified":"2020-11-24T17:57:42","modified_gmt":"2020-11-24T16:57:42","slug":"inicio","status":"publish","type":"page","link":"https:\/\/canary-cactus.com\/es\/","title":{"rendered":"Inicio"},"content":{"rendered":"<div class=\"wpb-content-wrapper\"><p>[vc_row][vc_column]\n\t\t\t<!-- START Main Slider REVOLUTION SLIDER 6.7.35 --><p class=\"rs-p-wp-fix\"><\/p>\n\t\t\t<rs-module-wrap id=\"rev_slider_1_1_wrapper\" data-source=\"gallery\" style=\"visibility:hidden;background:transparent;padding:0;margin:0px auto;margin-top:0;margin-bottom:0;\">\n\t\t\t\t<rs-module id=\"rev_slider_1_1\" style=\"\" data-version=\"6.7.35\">\n\t\t\t\t\t<rs-slides style=\"overflow: hidden; position: absolute;\">\n\t\t\t\t\t\t<rs-slide style=\"position: absolute;\" data-key=\"rs-1\" data-title=\"Slide\" data-thumb=\"\/\/canary-cactus.com\/es\/wp-content\/uploads\/2019\/09\/Echinocactus-grusonii-group-60-90-cm-very-yellow-scaled.jpg\" data-duration=\"5000\" data-anim=\"r:0;f:nodelay;\" data-in=\"o:0;sx:0;sy:0;row:5;col:5;\" data-out=\"a:false;\">\n\t\t\t\t\t\t\t<img src=\"\/\/canary-cactus.com\/es\/wp-content\/plugins\/revslider\/sr6\/assets\/assets\/dummy.png\" alt=\"\" title=\"Echinocactus grusonii group 60-90 cm very yellow\" width=\"2560\" height=\"1702\" class=\"rev-slidebg tp-rs-img rs-lazyload\" data-lazyload=\"\/\/canary-cactus.com\/es\/wp-content\/uploads\/2019\/09\/Echinocactus-grusonii-group-60-90-cm-very-yellow-scaled.jpg\" data-no-retina>\n<!--\n\t\t\t\t\t\t\t--><rs-layer\n\t\t\t\t\t\t\t\tid=\"slider-1-slide-1-layer-7\" \n\t\t\t\t\t\t\t\tdata-type=\"text\"\n\t\t\t\t\t\t\t\tdata-color=\"#79945b\"\n\t\t\t\t\t\t\t\tdata-xy=\"x:c;xo:19px,17px,12px,7px;y:m;yo:162px,145px,110px,67px;\"\n\t\t\t\t\t\t\t\tdata-text=\"s:42,37,28,17;l:34,30,22,13;fw:700;a:center;\"\n\t\t\t\t\t\t\t\tdata-dim=\"w:946px,849px,645px,397px;h:100px,89px,67px,41px;\"\n\t\t\t\t\t\t\t\tdata-frame_1=\"st:630;sR:630;\"\n\t\t\t\t\t\t\t\tdata-frame_999=\"o:0;st:w;sR:4070;\"\n\t\t\t\t\t\t\t\tstyle=\"z-index:10;background-color:#ffffff;font-family:'Montserrat';text-transform:uppercase;\"\n\t\t\t\t\t\t\t><\/br>hacemos la diferencia \n\t\t\t\t\t\t\t<\/rs-layer><!--\n-->\t\t\t\t\t<\/rs-slide>\n\t\t\t\t\t\t<rs-slide style=\"position: absolute;\" data-key=\"rs-2\" data-title=\"Slide\" data-thumb=\"\/\/canary-cactus.com\/es\/wp-content\/uploads\/2019\/09\/Ferocactus-histrix-50-60-cm--scaled.jpg\" data-duration=\"5000\" data-anim=\"r:0;f:nodelay;\" data-in=\"o:0;sx:0;sy:0;row:5;col:5;\" data-out=\"a:false;\">\n\t\t\t\t\t\t\t<img src=\"\/\/canary-cactus.com\/es\/wp-content\/plugins\/revslider\/sr6\/assets\/assets\/dummy.png\" alt=\"\" title=\"Ferocactus histrix 50-60 cm\" width=\"2560\" height=\"1702\" class=\"rev-slidebg tp-rs-img rs-lazyload\" data-lazyload=\"\/\/canary-cactus.com\/es\/wp-content\/uploads\/2019\/09\/Ferocactus-histrix-50-60-cm--scaled.jpg\" data-no-retina>\n<!--\n\t\t\t\t\t\t\t--><rs-layer\n\t\t\t\t\t\t\t\tid=\"slider-1-slide-2-layer-13\" \n\t\t\t\t\t\t\t\tdata-type=\"text\"\n\t\t\t\t\t\t\t\tdata-color=\"#79945b\"\n\t\t\t\t\t\t\t\tdata-xy=\"x:c;xo:24px,21px,15px,9px;y:m;yo:99px,88px,66px,40px;\"\n\t\t\t\t\t\t\t\tdata-text=\"s:42,37,28,17;l:34,30,22,13;fw:700;a:center;\"\n\t\t\t\t\t\t\t\tdata-dim=\"w:946px,849px,645px,397px;h:100px,89px,67px,41px;\"\n\t\t\t\t\t\t\t\tdata-frame_1=\"st:630;sR:630;\"\n\t\t\t\t\t\t\t\tdata-frame_999=\"o:0;st:w;sR:4070;\"\n\t\t\t\t\t\t\t\tstyle=\"z-index:10;background-color:#ffffff;font-family:'Montserrat';text-transform:uppercase;\"\n\t\t\t\t\t\t\t><\/br>hacemos la diferencia \n\t\t\t\t\t\t\t<\/rs-layer><!--\n-->\t\t\t\t\t<\/rs-slide>\n\t\t\t\t\t<\/rs-slides>\n\t\t\t\t\t<rs-static-layers><!--\n\t\t\t\t\t--><\/rs-static-layers>\n\t\t\t\t<\/rs-module>\n\t\t\t\t<script>\n\t\t\t\t\tsetREVStartSize({c: 'rev_slider_1_1',rl:[1240,1024,778,480],el:[500,500,400,300],gw:[1140,1024,778,480],gh:[500,500,400,300],type:'standard',justify:'',layout:'fullwidth',mh:\"0\"});if (window.RS_MODULES!==undefined && window.RS_MODULES.modules!==undefined && window.RS_MODULES.modules[\"revslider11\"]!==undefined) {window.RS_MODULES.modules[\"revslider11\"].once = false;window.revapi1 = undefined;if (window.RS_MODULES.checkMinimal!==undefined) window.RS_MODULES.checkMinimal()}\n\t\t\t\t<\/script>\n\t\t\t<\/rs-module-wrap>\n\t\t\t<!-- END REVOLUTION SLIDER -->\n[stm_spacing lg_spacing=&#8221;82&#8243; md_spacing=&#8221;70&#8243; sm_spacing=&#8221;60&#8243; xs_spacing=&#8221;50&#8243;][\/vc_column][\/vc_row][vc_row][vc_column][vc_column_text]<\/p>\n<h2><span style=\"font-size: 18pt; color: #3c6b06;\">L\u00edder mundial en cactus y suculentas<\/span><\/h2>\n<p><span style=\"font-size: 14pt;\">Canary Cactus es uno de los productores de cactus y suculentas m\u00e1s grandes de Europa y del mundo.<\/span><\/p>\n<p><span style=\"font-size: 14pt;\">Desde la venta al por mayor hasta Cactus \u00fanicos y jardines suculentos, campos de golf, plantaciones individuales para hoteles y centros de convenciones, grandes proyectos como jardines o parques bot\u00e1nicos y mucho m\u00e1s, le suministramos con plantas y el asesoramiento necesario.<\/span>[\/vc_column_text][vc_single_image image=&#8221;7101&#8243; img_size=&#8221;full&#8221;][\/vc_column][\/vc_row][vc_row][vc_column][vc_empty_space height=&#8221;40px&#8221;][vc_single_image image=&#8221;7099&#8243; img_size=&#8221;full&#8221; alignment=&#8221;center&#8221;][vc_empty_space height=&#8221;20px&#8221;][\/vc_column][\/vc_row][vc_row][vc_column][vc_empty_space height=&#8221;20px&#8221;][vc_single_image image=&#8221;7098&#8243; img_size=&#8221;full&#8221; alignment=&#8221;center&#8221;][vc_empty_space height=&#8221;20px&#8221;][\/vc_column][\/vc_row]<\/p>\n<\/div>","protected":false},"excerpt":{"rendered":"<p>[vc_row][vc_column][stm_spacing lg_spacing=&#8221;82&#8243; md_spacing=&#8221;70&#8243; sm_spacing=&#8221;60&#8243; xs_spacing=&#8221;50&#8243;][\/vc_column][\/vc_row][vc_row][vc_column][vc_column_text] L\u00edder mundial en cactus y suculentas Canary Cactus es uno de los productores de cactus y suculentas m\u00e1s grandes de Europa y del mundo. Desde la venta al por mayor hasta Cactus \u00fanicos y jardines suculentos, campos de golf, plantaciones individuales para hoteles y centros de convenciones, grandes proyectos como<\/p>\n","protected":false},"author":1,"featured_media":0,"parent":0,"menu_order":0,"comment_status":"closed","ping_status":"closed","template":"","meta":[],"_links":{"self":[{"href":"https:\/\/canary-cactus.com\/es\/wp-json\/wp\/v2\/pages\/1071"}],"collection":[{"href":"https:\/\/canary-cactus.com\/es\/wp-json\/wp\/v2\/pages"}],"about":[{"href":"https:\/\/canary-cactus.com\/es\/wp-json\/wp\/v2\/types\/page"}],"author":[{"embeddable":true,"href":"https:\/\/canary-cactus.com\/es\/wp-json\/wp\/v2\/users\/1"}],"replies":[{"embeddable":true,"href":"https:\/\/canary-cactus.com\/es\/wp-json\/wp\/v2\/comments?post=1071"}],"version-history":[{"count":9,"href":"https:\/\/canary-cactus.com\/es\/wp-json\/wp\/v2\/pages\/1071\/revisions"}],"predecessor-version":[{"id":7324,"href":"https:\/\/canary-cactus.com\/es\/wp-json\/wp\/v2\/pages\/1071\/revisions\/7324"}],"wp:attachment":[{"href":"https:\/\/canary-cactus.com\/es\/wp-json\/wp\/v2\/media?parent=1071"}],"curies":[{"name":"wp","href":"https:\/\/api.w.org\/{rel}","templated":true}]}}