{"id":7152,"date":"2020-11-11T17:44:26","date_gmt":"2020-11-11T16:44:26","guid":{"rendered":"http:\/\/teneriffaaktuell.com\/?page_id=7152"},"modified":"2020-11-16T20:37:51","modified_gmt":"2020-11-16T19:37:51","slug":"privacy-policy","status":"publish","type":"page","link":"https:\/\/canary-cactus.com\/en\/privacy-policy\/","title":{"rendered":"Privacy Policy"},"content":{"rendered":"<div class=\"wpb-content-wrapper\"><p>[vc_row][vc_column][vc_column_text]<\/p>\n<div class=\"page_title transparent\">\n<div class=\"container\">\n<p class=\"h2\"><span style=\"font-size: 14pt;\">Die Betreiber dieser Seiten nehmen den Schutz Ihrer pers\u00f6nlichen Daten sehr ernst. Wir behandeln Ihre personenbezogenen Daten vertraulich und entsprechend der gesetzlichen Datenschutzvorschriften sowie dieser Datenschutzerkl\u00e4rung.<\/span><\/p>\n<\/div>\n<\/div>\n<div class=\"container\">\n<div class=\"content-area\">\n<article id=\"post-3\" class=\"post-3 page type-page status-publish hentry\">\n<div class=\"entry-content\">\n<div class=\"vc_row wpb_row vc_row-fluid\">\n<div class=\"wpb_column vc_column_container vc_col-sm-12\">\n<div class=\"vc_column-inner \">\n<div class=\"wpb_wrapper\">\n<div class=\"wpb_text_column wpb_content_element \">\n<div class=\"wpb_wrapper\">\n<p><span style=\"font-size: 14pt;\">Die Nutzung unserer Webseite ist in der Regel ohne Angabe personenbezogener Daten m\u00f6glich. Soweit auf unseren Seiten personenbezogene Daten (beispielsweise Name, Anschrift oder Email-Adressen) erhoben werden, erfolgt dies, soweit m\u00f6glich, stets auf freiwilliger Basis.<\/span><\/p>\n<p><span style=\"font-size: 14pt;\">Wir weisen darauf hin, dass die Daten\u00fcbertragung im Internet (z.B. bei der Kommunikation per Email) Sicherheitsl\u00fccken aufweisen kann. Ein l\u00fcckenloser Schutz der Daten vor dem Zugriff durch Dritte ist nicht m\u00f6glich.<\/span><\/p>\n<h3><span style=\"font-size: 14pt;\"><strong>COOKIES<\/strong><\/span><\/h3>\n<p><span style=\"font-size: 14pt;\">Die Internetseiten verwenden teilweise sogenannte Cookies. Cookies richten auf Ihrem Rechner keinen Schaden an und enthalten keine Viren. Cookies dienen dazu, unser Angebot nutzerfreundlicher, effektiver und sicherer zu machen. Cookies sind kleine Textdateien, die auf Ihrem Rechner abgelegt werden und die Ihr Browser speichert.<\/span><\/p>\n<p><span style=\"font-size: 14pt;\">Die meisten der von uns verwendeten Cookies sind sogenannte \u201eSession-Cookies\u201c. Sie werden nach Ende Ihres Besuchs automatisch gel\u00f6scht. Andere Cookies bleiben auf Ihrem Endger\u00e4t gespeichert, bis Sie diese l\u00f6schen. Diese Cookies erlauben es uns, Ihren Browser beim n\u00e4chsten Besuch wiederzuerkennen.<\/span><\/p>\n<p><span style=\"font-size: 14pt;\">Sie k\u00f6nnen Ihren Browser so einstellen, dass Sie \u00fcber das Setzen von Cookies informiert werden und Cookies nur im Einzelfall erlauben, die Annahme von Cookies f\u00fcr bestimmte F\u00e4lle oder generell ausschlie\u00dfen sowie das automatische L\u00f6schen der Cookies beim Schlie\u00dfen des Browsers aktivieren. Bei der Deaktivierung von Cookies kann die Funktionalit\u00e4t dieser Webseite eingeschr\u00e4nkt sein.<\/span><\/p>\n<p><span style=\"font-size: 14pt;\">Sie k\u00f6nnen die gespeicherten Cookies hier zur\u00fccksetzen oder manuell einstellen.<\/span><\/p>\n<p><code>[cookie_reject]<\/code><code>[cookie_settings]<\/code><\/p>\n<p><code><\/code><\/p>\n<h3><span style=\"font-size: 14pt;\"><strong>SERVER-LOG-FILES<\/strong><\/span><\/h3>\n<p><span style=\"font-size: 14pt;\">Der Provider der Seiten erhebt und speichert automatisch Informationen in sogenannten Server-Log-Files, die Ihr Browser automatisch an uns \u00fcbermittelt. Dies sind:<\/span><\/p>\n<ul>\n<li><span style=\"font-size: 14pt;\">Browsertyp und Browserversion<\/span><\/li>\n<li><span style=\"font-size: 14pt;\">verwendetes Betriebssystem<\/span><\/li>\n<li><span style=\"font-size: 14pt;\">Referrer URL<\/span><\/li>\n<li><span style=\"font-size: 14pt;\">Hostname des zugreifenden Rechners<\/span><\/li>\n<li><span style=\"font-size: 14pt;\">Uhrzeit der Serveranfrage<\/span><\/li>\n<\/ul>\n<p align=\"justify\"><span style=\"font-size: 14pt;\">Diese Daten sind nicht bestimmten Personen zuordenbar. Eine Zusammenf\u00fchrung dieser Daten mit anderen Datenquellen wird nicht vorgenommen. Wir behalten uns vor, diese Daten nachtr\u00e4glich zu pr\u00fcfen, wenn uns konkrete Anhaltspunkte f\u00fcr eine rechtswidrige Nutzung bekannt werden.<\/span><\/p>\n<h3 align=\"justify\"><span style=\"font-size: 14pt;\"><b>UMGANG MIT PERSONENBEZOGENEN\u00a0DATEN<\/b><\/span><\/h3>\n<p align=\"justify\"><span style=\"font-size: 14pt;\">Der Provider der Seiten erhebt, nutzt und gibt Ihre personenbezogenen Daten nur dann weiter, wenn dies im gesetzlichen Rahmen erlaubt ist oder Sie in die Datenerhebung einwilligen. Als personenbezogene Daten gelten s\u00e4mtliche Informationen, welche dazu dienen, Ihre Person zu bestimmen und welche zu Ihnen zur\u00fcckverfolgt werden k\u00f6nnen, also beispielsweise Name, Adresse, Email Adresse und Telefonnummer.<\/span><\/p>\n<h3><span style=\"font-size: 14pt;\"><strong>KONTAKTFORMULAR<\/strong><\/span><\/h3>\n<p align=\"justify\"><span style=\"font-size: 14pt;\">Wenn Sie uns per Kontaktformular Anfragen zukommen lassen, werden Ihre Angaben aus dem Anfrageformular inklusive der von Ihnen dort angegebenen Kontaktdaten zwecks Bearbeitung der Anfrage und f\u00fcr den Fall von Anschlussfragen bei uns gespeichert. Diese Daten geben wir nicht ohne Ihre Einwilligung weiter.<\/span><\/p>\n<h2><span style=\"font-size: 18pt;\"><strong>GOOGLE ANALYTICS<\/strong><\/span><\/h2>\n<p align=\"justify\"><span style=\"font-size: 14pt;\">Diese Website nutzt Funktionen des Webanalysedienstes Google Analytics. Anbieter ist die Google Inc., 1600 Amphitheatre Parkway Mountain View, CA 94043, USA. Google Analytics verwendet sogenannte \u201eCookies\u201c. Das sind Textdateien, die auf Ihrem Computer gespeichert werden und die eine Analyse der Benutzung der Website durch Sie erm\u00f6glichen. Die durch den Cookie erzeugten Informationen \u00fcber Ihre Benutzung dieser Website werden in der Regel an einen Server von Google in den USA \u00fcbertragen und dort gespeichert.<\/span><\/p>\n<p><span style=\"font-size: 14pt;\"><strong>IP-Anonymisierung<\/strong><\/span><\/p>\n<p align=\"justify\"><span style=\"font-size: 14pt;\">Wir haben auf dieser Webseite die Funktion IP-Anonymisierung aktiviert. Dadurch wird Ihre IP-Adresse von Google innerhalb von Mitgliedstaaten der Europ\u00e4ischen Union oder in anderen Vertragsstaaten des Abkommens \u00fcber den Europ\u00e4ischen Wirtschaftsraum vor der \u00dcbermittlung in die USA gek\u00fcrzt. Nur in Ausnahmef\u00e4llen wird die volle IP-Adresse an einen Server von Google in den USA \u00fcbertragen und dort gek\u00fcrzt. Im Auftrag des Betreibers dieser Website wird Google diese Informationen benutzen, um Ihre Nutzung der Website auszuwerten, um Reports \u00fcber die Website Aktivit\u00e4ten zusammenzustellen und um weitere mit der Websitenutzung und der Internetnutzung verbundene Dienstleistungen gegen\u00fcber dem Websitebetreiber zu erbringen. Die im Rahmen von Google Analytics von Ihrem Browser \u00fcbermittelte IP-Adresse wird nicht mit anderen Daten von Google zusammengef\u00fchrt.<\/span><\/p>\n<p><span style=\"font-size: 14pt;\"><strong>Browser Plugin<\/strong><\/span><\/p>\n<p align=\"justify\"><span style=\"font-size: 14pt;\">Sie k\u00f6nnen die Speicherung der Cookies durch eine entsprechende Einstellung Ihrer Browser-Software verhindern; wir weisen Sie jedoch darauf hin, dass Sie in diesem Fall gegebenenfalls nicht s\u00e4mtliche Funktionen dieser Website vollumf\u00e4nglich werden nutzen k\u00f6nnen. Sie k\u00f6nnen dar\u00fcber hinaus die Erfassung, der durch den Cookie erzeugten und auf Ihre Nutzung der Website bezogenen Daten (inkl. Ihrer IP-Adresse) an Google sowie die Verarbeitung dieser Daten durch Google verhindern, indem Sie das unter dem folgenden Link verf\u00fcgbare Browser-Plugin herunterladen und installieren:<\/span><\/p>\n<p><span style=\"font-size: 14pt;\"><a href=\"https:\/\/tools.google.com\/dlpage\/gaoptout?hl=de\">https:\/\/tools.google.com\/dlpage\/gaoptout?hl=de<\/a><\/span><\/p>\n<p><span style=\"font-size: 14pt;\"><strong>Widerspruch gegen Datenerfassung<\/strong><\/span><\/p>\n<p align=\"justify\"><span style=\"font-size: 14pt;\">Sie k\u00f6nnen die Erfassung Ihrer Daten durch Google Analytics verhindern, indem Sie auf folgenden Link klicken. Es wird ein Opt-Out-Cookie gesetzt, der die Erfassung Ihrer Daten bei zuk\u00fcnftigen Besuchen dieser Website verhindert: Google Analytics deaktivieren. Mehr Informationen zum Umgang mit Nutzerdaten bei Google Analytics finden Sie in der Datenschutzerkl\u00e4rung von Google:\u00a0<a href=\"https:\/\/support.google.com\/analytics\/answer\/6004245?hl=de\">https:\/\/support.google.com\/analytics\/answer\/6004245?hl=de<\/a><\/span><\/p>\n<p><span style=\"font-size: 14pt;\"><strong>Auftragsdatenverarbeitung<\/strong><\/span><\/p>\n<p align=\"justify\"><span style=\"font-size: 14pt;\">Wir haben mit Google einen Vertrag zur Auftragsdatenverarbeitung abgeschlossen und setzen die strengen Vorgaben der deutschen Datenschutzbeh\u00f6rden bei der Nutzung von Google Analytics vollst\u00e4ndig um.<\/span><\/p>\n<p><span style=\"font-size: 14pt;\"><strong>Demografische Merkmale bei Google Analytics<\/strong><\/span><\/p>\n<p align=\"justify\"><span style=\"font-size: 14pt;\">Diese Website nutzt die Funktion \u201cdemografische Merkmale\u201d von Google Analytics. Dadurch k\u00f6nnen Berichte erstellt werden, die Aussagen zu Alter, Geschlecht und Interessen der Seitenbesucher enthalten. Diese Daten stammen aus interessenbezogener Werbung von Google sowie aus Besucherdaten von Drittanbietern. Diese Daten k\u00f6nnen keiner bestimmten Person zugeordnet werden. Sie k\u00f6nnen diese Funktion jederzeit \u00fcber die Anzeigeneinstellungen in Ihrem Google-Konto deaktivieren oder die Erfassung Ihrer Daten durch Google Analytics wie im Punkt \u201cWiderspruch gegen Datenerfassung\u201d dargestellt generell untersagen.<\/span><\/p>\n<h3><span style=\"font-size: 14pt;\">Google Webfonts<\/span><\/h3>\n<p><span style=\"font-size: 14pt;\">F\u00fcr diese Seite verwendet von Google bereitgestellte Web-Schriftarten. Wenn Sie eine Seite \u00f6ffnen, l\u00e4dt Ihr Browser die erforderlichen Web-Schriftarten in Ihren Browser-Cache, um Texte und Schriftarten korrekt anzuzeigen.<\/span><\/p>\n<p><span style=\"font-size: 14pt;\">Zu diesem Zweck muss Ihr Browser eine direkte Verbindung mit den Servern von Google herstellen. Google wird dadurch bewusst, dass unsere Webseite \u00fcber Ihre IP-Adresse aufgerufen wurde. Die Verwendung von Google Webfonts erfolgt im Interesse einer einheitlichen und ansprechenden Darstellung unseres Plugins. Dies ist ein berechtigtes Interesse im Sinne von Art. 6 (1) (f) DSGVO.<\/span><\/p>\n<p><span style=\"font-size: 14pt;\">Wenn Ihr Browser keine Web-Schriftarten unterst\u00fctzt, wird von Ihrem Computer eine Standard-Schrift verwendet.<\/span><\/p>\n<p><span style=\"font-size: 14pt;\">Weitere Informationen zum Umgang mit Benutzerdaten k\u00f6nnen sein finden Sie unter\u00a0<a href=\"https:\/\/developers.google.com\/fonts\/faq\" target=\"_blank\" rel=\"noopener noreferrer\">https:\/\/developers.google.com\/fonts\/faq\u00a0<\/a>und in Google-Datenschutzbestimmungen unter\u00a0<a href=\"https:\/\/www.google.com\/policies\/privacy\/\" target=\"_blank\" rel=\"noopener noreferrer\">https:\/\/www.google.com\/policies\/privacy\/.\u00a0n t t<\/a><\/span><\/p>\n<h3><span style=\"font-size: 14pt;\"><strong>SSL-VERSCHLUESSELUNG<\/strong><\/span><\/h3>\n<p align=\"justify\"><span style=\"font-size: 14pt;\">Diese Seite nutzt aus Gr\u00fcnden der Sicherheit und zum Schutz der \u00dcbertragung vertraulicher Inhalte, wie zum Beispiel der Anfragen, die Sie an uns als Seitenbetreiber senden, eine SSL-Verschl\u00fcsselung. Eine verschl\u00fcsselte Verbindung erkennen Sie daran, dass die Adresszeile des Browsers von \u201ehttp:\/\/\u201c auf \u201ehttps:\/\/\u201c wechselt und an dem Schloss-Symbol in Ihrer Browserzeile. Wenn die SSL Verschl\u00fcsselung aktiviert ist, k\u00f6nnen die Daten, die Sie an uns \u00fcbermitteln, nicht von Dritten mitgelesen werden.<\/span><\/p>\n<h3><span style=\"font-size: 14pt;\"><strong>RECHT AUF AUSKUNFT, L\u00d6SCHUNG, SPERRUNG<\/strong><\/span><\/h3>\n<p align=\"justify\"><span style=\"font-size: 14pt;\">Sie haben jederzeit das Recht auf unentgeltliche Auskunft \u00fcber Ihre gespeicherten personenbezogenen Daten, deren Herkunft und Empf\u00e4nger und den Zweck der Datenverarbeitung sowie ein Recht auf Berichtigung, Sperrung oder L\u00f6schung dieser Daten. Hierzu sowie zu weiteren Fragen zum Thema personenbezogene Daten k\u00f6nnen Sie sich jederzeit unter der im Impressum angegebenen Adresse an uns wenden oder direkt dieses Formular dazu benutzen.<\/span><\/p>\n<\/div>\n<\/div>\n<\/div>\n<\/div>\n<\/div>\n<\/div>\n<\/div>\n<\/article>\n<\/div>\n<\/div>\n<p>[\/vc_column_text][\/vc_column][\/vc_row][vc_row][vc_column]<div class=\"wpforms-container wpforms-container-full\" id=\"wpforms-7207\"><form id=\"wpforms-form-7207\" class=\"wpforms-validate wpforms-form\" data-formid=\"7207\" method=\"post\" enctype=\"multipart\/form-data\" action=\"\/en\/wp-json\/wp\/v2\/pages\/7152\" data-token=\"1a6d40ed421c0120bdd9ecf3655f2e30\" data-token-time=\"1776322101\"><noscript class=\"wpforms-error-noscript\">Bitte aktiviere JavaScript in deinem Browser, um dieses Formular fertigzustellen.<\/noscript><div class=\"wpforms-field-container\"><div id=\"wpforms-7207-field_0-container\" class=\"wpforms-field wpforms-field-name wpforms-one-half wpforms-first\" data-field-id=\"0\"><label class=\"wpforms-field-label\" for=\"wpforms-7207-field_0\">Name &amp; Surname <span class=\"wpforms-required-label\">*<\/span><\/label><div class=\"wpforms-field-row wpforms-field-large\"><div class=\"wpforms-field-row-block wpforms-first wpforms-one-half\"><input type=\"text\" id=\"wpforms-7207-field_0\" class=\"wpforms-field-name-first wpforms-field-required\" name=\"wpforms[fields][0][first]\" required><label for=\"wpforms-7207-field_0\" class=\"wpforms-field-sublabel after wpforms-sublabel-hide\">Vorname<\/label><\/div><div class=\"wpforms-field-row-block wpforms-one-half\"><input type=\"text\" id=\"wpforms-7207-field_0-last\" class=\"wpforms-field-name-last wpforms-field-required\" name=\"wpforms[fields][0][last]\" required><label for=\"wpforms-7207-field_0-last\" class=\"wpforms-field-sublabel after wpforms-sublabel-hide\">Nachname<\/label><\/div><\/div><\/div><div id=\"wpforms-7207-field_1-container\" class=\"wpforms-field wpforms-field-email wpforms-one-half\" data-field-id=\"1\"><label class=\"wpforms-field-label\" for=\"wpforms-7207-field_1\">E-Mail <span class=\"wpforms-required-label\">*<\/span><\/label><input type=\"email\" id=\"wpforms-7207-field_1\" class=\"wpforms-field-medium wpforms-field-required\" name=\"wpforms[fields][1]\" spellcheck=\"false\" required><\/div><div id=\"wpforms-7207-field_3-container\" class=\"wpforms-field wpforms-field-checkbox wpforms-list-2-columns\" data-field-id=\"3\"><label class=\"wpforms-field-label\">Select from... <span class=\"wpforms-required-label\">*<\/span><\/label><ul id=\"wpforms-7207-field_3\" class=\"wpforms-field-required\"><li class=\"choice-1 depth-1\"><input type=\"checkbox\" id=\"wpforms-7207-field_3_1\" name=\"wpforms[fields][3][]\" value=\"Deletion of personal data\" required ><label class=\"wpforms-field-label-inline\" for=\"wpforms-7207-field_3_1\">Deletion of personal data<\/label><\/li><li class=\"choice-2 depth-1\"><input type=\"checkbox\" id=\"wpforms-7207-field_3_2\" name=\"wpforms[fields][3][]\" value=\"Information about the stored personal data\" required ><label class=\"wpforms-field-label-inline\" for=\"wpforms-7207-field_3_2\">Information about the stored personal data<\/label><\/li><\/ul><\/div><div id=\"wpforms-7207-field_2-container\" class=\"wpforms-field wpforms-field-textarea\" data-field-id=\"2\"><label class=\"wpforms-field-label\" for=\"wpforms-7207-field_2\">You can leave us a message regarding your request<\/label><textarea id=\"wpforms-7207-field_2\" class=\"wpforms-field-medium\" name=\"wpforms[fields][2]\" ><\/textarea><\/div><div id=\"wpforms-7207-field_4-container\" class=\"wpforms-field wpforms-field-checkbox\" data-field-id=\"4\"><label class=\"wpforms-field-label\">GDPR Consent <span class=\"wpforms-required-label\">*<\/span><\/label><ul id=\"wpforms-7207-field_4\" class=\"wpforms-field-required\"><li class=\"choice-1 depth-1\"><input type=\"checkbox\" id=\"wpforms-7207-field_4_1\" name=\"wpforms[fields][4][]\" value=\"I agree that this website may store the information I have submitted so that my request can be answered.\" required ><label class=\"wpforms-field-label-inline\" for=\"wpforms-7207-field_4_1\">I agree that this website may store the information I have submitted so that my request can be answered.<\/label><\/li><\/ul><\/div><\/div><!-- .wpforms-field-container --><div class=\"wpforms-recaptcha-container wpforms-is-recaptcha wpforms-is-recaptcha-type-v2\" ><div class=\"g-recaptcha\" data-sitekey=\"6Ldpu-MZAAAAAAFtShEH4SzcUZ7N0wCAyciTIvaz\"><\/div><input type=\"text\" name=\"g-recaptcha-hidden\" class=\"wpforms-recaptcha-hidden\" style=\"position:absolute!important;clip:rect(0,0,0,0)!important;height:1px!important;width:1px!important;border:0!important;overflow:hidden!important;padding:0!important;margin:0!important;\" data-rule-recaptcha=\"1\"><\/div><div class=\"wpforms-submit-container\" ><input type=\"hidden\" name=\"wpforms[id]\" value=\"7207\"><input type=\"hidden\" name=\"page_title\" value=\"\"><input type=\"hidden\" name=\"page_url\" value=\"https:\/\/canary-cactus.com\/en\/wp-json\/wp\/v2\/pages\/7152\"><input type=\"hidden\" name=\"url_referer\" value=\"\"><button type=\"submit\" name=\"wpforms[submit]\" id=\"wpforms-submit-7207\" class=\"wpforms-submit\" data-alt-text=\"Sending...\" data-submit-text=\"Send\" aria-live=\"assertive\" value=\"wpforms-submit\">Send<\/button><\/div><\/form><\/div>  <!-- .wpforms-container -->[\/vc_column][\/vc_row]<\/p>\n<\/div>","protected":false},"excerpt":{"rendered":"<p>[vc_row][vc_column][vc_column_text] Die Betreiber dieser Seiten nehmen den Schutz Ihrer pers\u00f6nlichen Daten sehr ernst. Wir behandeln Ihre personenbezogenen Daten vertraulich und entsprechend der gesetzlichen Datenschutzvorschriften sowie dieser Datenschutzerkl\u00e4rung. Die Nutzung unserer Webseite ist in der Regel ohne Angabe personenbezogener Daten m\u00f6glich. Soweit auf unseren Seiten personenbezogene Daten (beispielsweise Name, Anschrift oder Email-Adressen) erhoben werden, erfolgt dies,<\/p>\n","protected":false},"author":1,"featured_media":0,"parent":0,"menu_order":0,"comment_status":"closed","ping_status":"closed","template":"","meta":[],"_links":{"self":[{"href":"https:\/\/canary-cactus.com\/en\/wp-json\/wp\/v2\/pages\/7152"}],"collection":[{"href":"https:\/\/canary-cactus.com\/en\/wp-json\/wp\/v2\/pages"}],"about":[{"href":"https:\/\/canary-cactus.com\/en\/wp-json\/wp\/v2\/types\/page"}],"author":[{"embeddable":true,"href":"https:\/\/canary-cactus.com\/en\/wp-json\/wp\/v2\/users\/1"}],"replies":[{"embeddable":true,"href":"https:\/\/canary-cactus.com\/en\/wp-json\/wp\/v2\/comments?post=7152"}],"version-history":[{"count":8,"href":"https:\/\/canary-cactus.com\/en\/wp-json\/wp\/v2\/pages\/7152\/revisions"}],"predecessor-version":[{"id":7302,"href":"https:\/\/canary-cactus.com\/en\/wp-json\/wp\/v2\/pages\/7152\/revisions\/7302"}],"wp:attachment":[{"href":"https:\/\/canary-cactus.com\/en\/wp-json\/wp\/v2\/media?parent=7152"}],"curies":[{"name":"wp","href":"https:\/\/api.w.org\/{rel}","templated":true}]}}